{"id":524,"date":"2022-11-15T15:13:09","date_gmt":"2022-11-15T15:13:09","guid":{"rendered":"http:\/\/fair-circularity.test\/?page_id=524"},"modified":"2023-02-17T14:59:58","modified_gmt":"2023-02-17T14:59:58","slug":"politica-de-privacidad","status":"publish","type":"page","link":"https:\/\/faircircularity.goodbear.co.uk\/es\/politica-de-privacidad\/","title":{"rendered":"Pol\u00edtica de privacidad"},"content":{"rendered":"\n<h2 class=\"wp-block-heading\">Introducci\u00f3n<\/h2>\n\n\n\n<p>Las organizaciones miembros de la Iniciativa de Circularidad Justa est\u00e1n tomando medidas a nivel local y global para abordar los impactos sociales en el sector informal de los desechos.&nbsp;<\/p>\n\n\n\n<p>Como parte del proceso de convocatoria de la Iniciativa de Circularidad Justa, Tearfund alberga este sitio web. A los efectos de esta pol\u00edtica, &#8220;nosotros&#8221;, &#8220;nos&#8221; y &#8220;nuestro&#8221; se refieren a Tearfund. Las referencias a Tearfund incluyen a Tearfund Trading Limited, nuestra empresa comercial.<\/p>\n\n\n\n<p>Tearfund es una organizaci\u00f3n sin \u00e1nimo de lucro cristiana de ayuda humanitaria y de desarrollo registrada en Inglaterra y Gales (n\u00famero 265464) y en Escocia (SCO 37624). Nuestro n\u00famero de sociedad es 994339 y nuestra direcci\u00f3n registrada es 100 Church Road, Teddington, TW11 8QE, Reino Unido.<\/p>\n\n\n\n<p>Tearfund se compromete a mantener sus datos seguros en cumplimiento de la Ley de Protecci\u00f3n de Datos de 2018, el GDPR del Reino Unido y el Reglamento de Privacidad y Comunicaciones Electr\u00f3nicas, y a honrar los derechos de los sujetos de datos. Su privacidad y tranquilidad son importantes para nosotros. Solo recopilamos datos de personas con fines espec\u00edficos. Una vez finalizado ese prop\u00f3sito, no conservamos los datos.<\/p>\n\n\n\n<p>Esta Pol\u00edtica de Privacidad explica los motivos y la forma en que recopilamos y usamos sus datos personales y confidenciales, c\u00f3mo los protegemos y compartimos, y qu\u00e9 puede hacer usted si tiene alguna pregunta o preocupaci\u00f3n sobre este tema. Esta Pol\u00edtica de Privacidad solo se aplica al tratamiento de datos personales relacionados con la Iniciativa de Circularidad Justa.<\/p>\n\n\n\n<p><a href=\"https:\/\/faircircularity.goodbear.co.uk\/es\/\">La lista completa de las organizaciones que forman parte de la Iniciativa de Circularidad Justa<\/a> se encuentra en la p\u00e1gina de inicio.<\/p>\n\n\n\n<h2 class=\"wp-block-heading\">Informaci\u00f3n recogida<\/h2>\n\n\n\n<p>Recopilamos datos desde esta p\u00e1gina web por diversas razones, principalmente para poder brindarle la informaci\u00f3n m\u00e1s \u00fatil y relevante relacionada con la Iniciativa de Circularidad Justa. Lo hacemos recopilando datos personales que nos provee en l\u00ednea y recopilando y analizando datos del sitio web. En algunas \u00e1reas de nuestro sitio web, como formularios, correos electr\u00f3nicos, comentarios y respuestas a encuestas y sondeos, puede que usted nos proporcione sus datos personales. La informaci\u00f3n de uso del sitio web se recopila mediante cookies.<\/p>\n\n\n\n<p>Esta informaci\u00f3n puede incluir:<\/p>\n\n\n\n<ul class=\"wp-block-list\">\n<li>Datos personales como su nombre,<\/li>\n\n\n\n<li>Datos de contacto, como su direcci\u00f3n de correo electr\u00f3nico y la organizaci\u00f3n a la que representa,<\/li>\n\n\n\n<li>Preferencias de comunicaci\u00f3n.<\/li>\n<\/ul>\n\n\n\n<h2 class=\"wp-block-heading\">Por qu\u00e9 nos interesa<\/h2>\n\n\n\n<p>La informaci\u00f3n que recopilamos nos ayuda a comunicarle actualizaciones e informaci\u00f3n sobre la Iniciativa de Circularidad Justa.<\/p>\n\n\n\n<p>La informaci\u00f3n personal que nos proporciona la utilizamos para los fines por los cuales nos la proporciona y para cualquier otro fin que usted nos haya autorizado.<\/p>\n\n\n\n<p>La Iniciativa de Circularidad Justa puede utilizar su informaci\u00f3n personal de las siguientes maneras:<\/p>\n\n\n\n<ul class=\"wp-block-list\">\n<li>Para educar e informar sobre la Iniciativa de Circularidad Justa y su trabajo.<\/li>\n\n\n\n<li>Para promover eventos, recursos de aprendizaje y promoci\u00f3n que est\u00e9n alineados con la Iniciativa de Circularidad Justa.&nbsp;<\/li>\n\n\n\n<li>Para responder a sus comentarios o preguntas.<\/li>\n\n\n\n<li>O para cualquier prop\u00f3sito que la Iniciativa de Circularidad Justa pueda comunicar espec\u00edficamente en el momento de recopilar su informaci\u00f3n personal.<\/li>\n<\/ul>\n\n\n\n<p>Usted tiene derecho a solicitarnos que no procesemos sus datos personales con fines de marketing. Le informaremos (antes de recopilar sus datos) si tenemos intenciones de utilizar sus datos con dichos fines. Puede ejercer su derecho a evitar que eso ocurra marcando ciertas casillas en los formularios que utilizamos para recopilar sus datos. Asimismo, puede ejercer dicho derecho en cualquier momento poni\u00e9ndose en contacto con nosotros.<\/p>\n\n\n\n<h2 class=\"wp-block-heading\">Nuestra base para el tratamiento de datos<\/h2>\n\n\n\n<p>La ley sobre protecci\u00f3n de datos exige que tengamos un fundamento leg\u00edtimo para el tratamiento de sus datos personales. Trataremos sus datos en los siguientes casos:<\/p>\n\n\n\n<ul class=\"wp-block-list\">\n<li>cuando nos haya dado su consentimiento para contactarlo o conservar su informaci\u00f3n;<\/li>\n\n\n\n<li>cuando hacerlo sea necesario para la satisfacci\u00f3n de nuestros intereses leg\u00edtimos;<\/li>\n\n\n\n<li>cuando tratemos sus datos sobre la base de nuestro inter\u00e9s leg\u00edtimo (por ejemplo, cuando lo contactemos), solo lo haremos luego de haber considerado detenidamente el impacto que este contacto tendr\u00e1 en usted y sus derechos, y de haber sopesado dicho impacto con nuestra necesidad de contactarlo.<\/li>\n<\/ul>\n\n\n\n<h2 class=\"wp-block-heading\">Forma de recopilaci\u00f3n<\/h2>\n\n\n\n<p>Tearfund recopila informaci\u00f3n personal y confidencial de usted relacionada con la&nbsp; Iniciativa de Circularidad Justa. Regularmente, usted proporciona dichos datos a Tearfund cuando suscribe si inter\u00e9s en la p\u00e1gina web de la Iniciativa de Circularidad Justa o cuando nos brinda sus datos por tel\u00e9fono o por correo electr\u00f3nico, o al participar en alguno de nuestros eventos en los que proporciona o digita informaci\u00f3n personal de forma voluntaria.<\/p>\n\n\n\n<p>Algunos de sus datos personales pueden recopilarse de forma autom\u00e1tica como se describe a continuaci\u00f3n.<\/p>\n\n\n\n<h2 class=\"wp-block-heading\"><strong>Cookies<\/strong><\/h2>\n\n\n\n<p>Recogemos informaci\u00f3n a trav\u00e9s de cookies. Una cookie es un archivo de texto enviado desde un sitio web que su navegador almacena en el disco duro de su computadora para recopilar informaci\u00f3n sobre el comportamiento del visitante y registros de Internet est\u00e1ndar. La mayor\u00eda de los navegadores permiten desactivar la funci\u00f3n de cookies. No obstante, si elige hacer esto es probable que no pueda acceder a ciertas partes del sitio. Salvo si ha configurado su navegador para que rechace las cookies, nuestro sistema emitir\u00e1 cookies tan pronto visite nuestro sitio.<\/p>\n\n\n\n<p>Adem\u00e1s de la informaci\u00f3n expl\u00edcitamente proporcionada por usted, las cookies pueden utilizarse para recopilar informaci\u00f3n acerca de su visita a nuestro sitio web (por ejemplo, datos de tr\u00e1fico, datos de ubicaci\u00f3n, informaci\u00f3n del dispositivo, datos de comunicaci\u00f3n, la fecha y hora de su visita y las p\u00e1ginas que vio). Esta informaci\u00f3n se recopila de forma acumulativa y es an\u00f3nima. Este tipo de datos nos permite entender la forma en que los visitantes usan nuestro sitio web con el fin de que, en el futuro, desarrollemos el sitio de forma que satisfaga mejor sus necesidades.<\/p>\n\n\n\n<p>Tambi\u00e9n podremos usar la informaci\u00f3n recopilada autom\u00e1ticamente para lo siguiente:<\/p>\n\n\n\n<ul class=\"wp-block-list\">\n<li>Para personalizar el contenido del sitio web seg\u00fan las necesidades actuales y futuras de los visitantes.<\/li>\n\n\n\n<li>Para procesar cualquier pedido, solicitud o transacci\u00f3n realizada por usted.<\/li>\n\n\n\n<li>Para uso administrativo y an\u00e1lisis internos.<\/li>\n<\/ul>\n\n\n\n<p>El uso de cookies es una pr\u00e1ctica habitual en el sector empleada por los principales sitios web. Hay varios sitios web que proporcionan informaci\u00f3n detallada sobre las cookies. Por ejemplo: <a href=\"http:\/\/www.aboutcookies.org\/\">AboutCookies.org<\/a> y <a href=\"http:\/\/www.allaboutcookies.org\/\">AllAboutCookies.org<\/a>. Si no desea recibir cookies puede <a href=\"http:\/\/www.allaboutcookies.org\/manage-cookies\/\">modificar su navegador<\/a> con facilidad para rechazarlas o para ser notificado cuando recibe una nueva cookie.<\/p>\n\n\n\n<p>Si se inscribe en nuestro sitio o contin\u00faa utiliz\u00e1ndolo, entendemos que autoriza el uso de cookies.<\/p>\n\n\n\n<h2 class=\"wp-block-heading\"><strong>Uso de la direcci\u00f3n IP<\/strong><\/h2>\n\n\n\n<p>Recogemos las direcciones IP para obtener informaci\u00f3n conjunta sobre el uso de este sitio web. Una direcci\u00f3n IP es un n\u00famero asignado a su computadora por un servidor web cuando est\u00e1 conectada a la red. Disponemos de un servidor que registra la direcci\u00f3n IP de su computadora cuando visita nuestro sitio.<\/p>\n\n\n\n<p>\u00danicamente utilizamos la informaci\u00f3n obtenida del monitoreo de direcciones IP de forma conjunta, es decir, para saber cu\u00e1ntos usuarios han accedido a una parte concreta de nuestro sitio, y no para localizar una direcci\u00f3n IP concreta con el fin de identificar a un usuario. Sin embargo, es posible que utilicemos esta informaci\u00f3n para identificar a un usuario si creemos que existen o pudieran existir cuestiones relacionadas con la seguridad y la protecci\u00f3n o para cumplir con requisitos legales.<\/p>\n\n\n\n<h2 class=\"wp-block-heading\">Terceros&nbsp;<\/h2>\n\n\n\n<p>Tearfund no vende, alquila ni divulga informaci\u00f3n personal a terceros para fines de marketing de dichos terceros.<\/p>\n\n\n\n<p>Tearfund no compra ni utiliza informaci\u00f3n personal provista por terceros. No accederemos ni haremos uso de ninguna informaci\u00f3n personal que haya compartido con anterioridad con las organizaciones miembro de la Iniciativa de Circularidad Justa de forma directa, salvo que nos haya otorgado su consentimiento espec\u00edfico para ello.<\/p>\n\n\n\n<p>La informaci\u00f3n personal que recopilamos de usted se almacenar\u00e1 en una base de datos centralizada de la Iniciativa de Circularidad Justa.&nbsp; Solo personal espec\u00edfico de<a href=\"https:\/\/faircircularity.goodbear.co.uk\/es\/\"> las organizaciones que forman parte de  la Iniciativa de Circularidad Justa <\/a>tiene acceso a esta base de datos. En relaci\u00f3n con comunicaciones de la Iniciativa de Circularidad Justa, usted solo recibir\u00e1 comunicaciones (si elige esa opci\u00f3n) de una de las organizaciones que la conforman (la postura por defecto es que Tearfund se comunicar\u00e1 con usted, salvo cuando usted ya est\u00e9 suscrito a una de las organizaciones que conforman la Iniciativa de Circularidad Justa). No recibir\u00e1 comunicaciones de marketing de las organizaciones de la Iniciativa, a menos que usted haya optado espec\u00edficamente por recibirlas.<\/p>\n\n\n\n<p>Tearfund tambi\u00e9n podr\u00e1 compartir su informaci\u00f3n:<\/p>\n\n\n\n<ul class=\"wp-block-list\">\n<li>con terceros que prestan servicios en apoyo de la Iniciativa de Circularidad Justa. Por ejemplo, con una aplicaci\u00f3n de correo electr\u00f3nico como Mailchimp para enviarle informaci\u00f3n a usted o<\/li>\n\n\n\n<li>de conformidad con los requisitos legales.<\/li>\n<\/ul>\n\n\n\n<p>En estos casos limitados, Tearfund tomar\u00e1 todas las precauciones razonables para asegurar que los datos est\u00e9n a salvo y que sean utilizados con ese \u00fanico fin. Las organizaciones que conforman la Iniciativa cuentan con acuerdos de uso y de confidencialidad pertinentes para garantizar la seguridad y privacidad de los datos.<\/p>\n\n\n\n<h2 class=\"wp-block-heading\"><strong>Respeto a su privacidad<\/strong><\/h2>\n\n\n\n<p>Los datos que usted nos proporcione pueden ser transferidos y almacenados en un lugar situado fuera del Espacio Econ\u00f3mico Europeo (EEE) siempre que se cuente con medidas de protecci\u00f3n adecuadas. Tambi\u00e9n podr\u00e1n ser procesados por miembros de personal que trabajan fuera del EEE para Tearfund, otra organizaci\u00f3n que forma parte de la Iniciativa de Circularidad Justa o para alguno de nuestros proveedores. Dicho personal podr\u00e1, entre otras actividades, tratar los datos de pago y prestar servicios de atenci\u00f3n al cliente. Al proporcionarnos su informaci\u00f3n personal, acepta que se realicen estas operaciones de transferencia, almacenamiento y tratamiento de datos. Tearfund tomar\u00e1 todas las medidas necesarias y razonables para garantizar el tratamiento seguro de sus datos de acuerdo con esta pol\u00edtica de privacidad.<\/p>\n\n\n\n<p>Tearfund hace lo posible por mantener actualizada la informaci\u00f3n sobre usted de la que dispone. En caso de que detecte alg\u00fan error o no desee seguir recibiendo informaci\u00f3n de nuestra parte, le rogamos se ponga en contacto con nosotros.<\/p>\n\n\n\n<h2 class=\"wp-block-heading\">Seguridad y protecci\u00f3n<\/h2>\n\n\n\n<p>Mantenemos un alto nivel de seguridad f\u00edsica y electr\u00f3nica en lo que respecta a la recopilaci\u00f3n, almacenamiento y divulgaci\u00f3n de sus datos. Tomamos todas las medidas adecuadas para garantizar la protecci\u00f3n de la informaci\u00f3n que disponemos sobre usted.<\/p>\n\n\n\n<p>A pesar de que adoptamos todas las precauciones razonables para que la informaci\u00f3n que se nos env\u00eda se transmita de forma segura, no podemos garantizar la seguridad de la informaci\u00f3n que se nos transmite por Internet. Al transmitirnos informaci\u00f3n a trav\u00e9s de Internet, lo hace bajo su propia responsabilidad.<\/p>\n\n\n\n<p>Solo conservaremos sus datos personales durante el tiempo que consideremos necesario para llevar a cabo cada actividad. Respetamos las obligaciones que surgen en virtud de la ley y los marcos impositivos y contables, y tenemos en cuenta solo aquellos datos que son razonables para la actividad en cuesti\u00f3n. Implementamos lo anterior de conformidad con nuestra Pol\u00edtica de retenci\u00f3n de datos.<\/p>\n\n\n\n<h2 class=\"wp-block-heading\">Cont\u00e1ctenos<\/h2>\n\n\n\n<p>Tearfund conserva y procesa la informaci\u00f3n personal de conformidad con el Reglamento General de Protecci\u00f3n de Datos del Reino Unido y toda otra ley de protecci\u00f3n de datos vigente y est\u00e1 registrada en la Oficina del Comisionado de Informaci\u00f3n como responsable de su tratamiento.<\/p>\n\n\n\n<p>Si desea realizar alguna consulta sobre el modo en que se maneja su informaci\u00f3n, rogamos se ponga en contacto con nosotros a trav\u00e9s del correo electr\u00f3nico info@tearfund.org o nos escriba a la siguiente direcci\u00f3n:<\/p>\n\n\n\n<p>Responsable de Protecci\u00f3n de datos<\/p>\n\n\n\n<p>Tearfund<br>100 Church Road<br>Teddington<br>Reino Unido&nbsp;<br>TW11 8QE<\/p>\n\n\n\n<h2 class=\"wp-block-heading\">Sus derechos<\/h2>\n\n\n\n<p>Usted tiene derecho a lo siguiente:<\/p>\n\n\n\n<ul class=\"wp-block-list\">\n<li>solicitar que eliminemos sus datos personales;<\/li>\n\n\n\n<li>limitar el tratamiento de sus datos personales;<\/li>\n\n\n\n<li>objetar que procesemos sus datos personales, por ejemplo cuando nos hayamos basado en un inter\u00e9s leg\u00edtimo para hacerlo;<\/li>\n\n\n\n<li>objetar estar sujeto a decisiones y a la elaboraci\u00f3n de perfiles automatizadas;<\/li>\n\n\n\n<li>portabilidad de datos personales (es decir, solicitar que le enviemos sus datos personales de forma electr\u00f3nica para que otra organizaci\u00f3n pueda utilizarlos);<\/li>\n\n\n\n<li>acceder a sus datos. Usted tiene derecho a solicitarnos que le facilitemos la informaci\u00f3n sobre los datos personales que poseemos sobre usted. Le responderemos dentro de un plazo de un mes de recibir su solicitud.<\/li>\n\n\n\n<li>pedirnos que rectifiquemos la informaci\u00f3n personal que considere inexacta. Tambi\u00e9n tiene derecho a pedirnos que completemos la informaci\u00f3n que considere incompleta.<\/li>\n<\/ul>\n\n\n\n<p>Puede ejercer estos derechos en cualquier momento escribiendole al:<\/p>\n\n\n\n<p>Responsable de Protecci\u00f3n de datos<\/p>\n\n\n\n<p>Tearfund<br>100 Church Road<br>Teddington<br>Reino Unido<br>TW11 8QE<\/p>\n\n\n\n<p>Por correo electr\u00f3nico: info@tearfund.org<\/p>\n\n\n\n<p>Por tel\u00e9fono: +44 (0)20 3906 3906<\/p>\n\n\n\n<p>Para m\u00e1s informaci\u00f3n acerca de sus derechos en el marco del Reglamento General de Protecci\u00f3n de Datos, visite la p\u00e1gina web de la ICO&nbsp; &#8211; Information Commissioner &#8216;s Office(Oficina del Comisionado de Informaci\u00f3n) &lt;<a href=\"https:\/\/ico.org.uk\" target=\"_blank\" rel=\"noreferrer noopener\">https:\/\/ico.org.uk<\/a>&gt; (en ingl\u00e9s).<\/p>\n\n\n\n<h2 class=\"wp-block-heading\"><strong>Cambios en la declaraci\u00f3n de privacidad de Tearfund<\/strong><\/h2>\n\n\n\n<p>Esta pol\u00edtica fue actualizada por \u00faltima vez en octubre de 2022. Cada cierto tiempo, realizamos cambios en esta declaraci\u00f3n para mantenerla actualizada y que siga resultando pertinente. Le rogamos la consulte peri\u00f3dicamente para ver las modificaciones.<\/p>\n\n\n\n<h2 class=\"wp-block-heading\">Quejas<\/h2>\n\n\n\n<p>Si tiene alguna preocupaci\u00f3n o si desea presentar una queja, puede hacerlo de la siguiente manera:<\/p>\n\n\n\n<p>Por tel\u00e9fono: +44 (0)20 3906 3906<\/p>\n\n\n\n<p>Por correo electr\u00f3nico: info@tearfund.org<\/p>\n\n\n\n<p>Por correo postal: <\/p>\n\n\n\n<p>Data Protection Officer<br>Tearfund<br>100 Church Road<br>Teddington<br>TW11 8QE<\/p>\n\n\n\n<p>Reino Unido<\/p>\n\n\n\n<p>Tambi\u00e9n tiene derecho a presentar una queja sobre el uso de sus datos personales ante el ICO, el ente regulador de datos del Reino Unido llamando a la l\u00ednea de asistencia o a trav\u00e9s de la p\u00e1gina web de dicho ente. Para m\u00e1s informaci\u00f3n, visite &lt;<a href=\"https:\/\/ico.org.uk\/concerns\/\">https:\/\/ICO.org.uk\/concerns\/<\/a>&gt; (en ingl\u00e9s).<\/p>\n","protected":false},"excerpt":{"rendered":"<p>Introducci\u00f3n Las organizaciones miembros de la Iniciativa de Circularidad Justa est\u00e1n tomando medidas a nivel local y global para abordar los impactos sociales en el sector informal de los desechos.&nbsp; Como parte del proceso de convocatoria de la Iniciativa de Circularidad Justa, Tearfund alberga este sitio web. A los efectos de esta pol\u00edtica, &#8220;nosotros&#8221;, &#8220;nos&#8221; [&hellip;]<\/p>\n","protected":false},"author":3,"featured_media":0,"parent":0,"menu_order":0,"comment_status":"closed","ping_status":"open","template":"page-basic.php","meta":{"_acf_changed":false,"inline_featured_image":false,"footnotes":""},"class_list":["post-524","page","type-page","status-publish","hentry"],"acf":[],"yoast_head":"<!-- This site is optimized with the Yoast SEO plugin v22.9 - https:\/\/yoast.com\/wordpress\/plugins\/seo\/ -->\n<title>Pol\u00edtica de privacidad - Fair Circularity Initiative<\/title>\n<meta name=\"robots\" content=\"noindex, follow, max-snippet:-1, max-image-preview:large, max-video-preview:-1\" \/>\n<meta property=\"og:locale\" content=\"es_ES\" \/>\n<meta property=\"og:type\" content=\"article\" \/>\n<meta property=\"og:title\" content=\"Pol\u00edtica de privacidad - Fair Circularity Initiative\" \/>\n<meta property=\"og:description\" content=\"Introducci\u00f3n Las organizaciones miembros de la Iniciativa de Circularidad Justa est\u00e1n tomando medidas a nivel local y global para abordar los impactos sociales en el sector informal de los desechos.&nbsp; Como parte del proceso de convocatoria de la Iniciativa de Circularidad Justa, Tearfund alberga este sitio web. A los efectos de esta pol\u00edtica, &#8220;nosotros&#8221;, &#8220;nos&#8221; [&hellip;]\" \/>\n<meta property=\"og:url\" content=\"https:\/\/faircircularity.goodbear.co.uk\/es\/politica-de-privacidad\/\" \/>\n<meta property=\"og:site_name\" content=\"Fair Circularity Initiative\" \/>\n<meta property=\"article:modified_time\" content=\"2023-02-17T14:59:58+00:00\" \/>\n<meta name=\"twitter:card\" content=\"summary_large_image\" \/>\n<meta name=\"twitter:label1\" content=\"Est. reading time\" \/>\n\t<meta name=\"twitter:data1\" content=\"10 minutes\" \/>\n<script type=\"application\/ld+json\" class=\"yoast-schema-graph\">{\"@context\":\"https:\/\/schema.org\",\"@graph\":[{\"@type\":\"WebPage\",\"@id\":\"https:\/\/faircircularity.goodbear.co.uk\/es\/politica-de-privacidad\/\",\"url\":\"https:\/\/faircircularity.goodbear.co.uk\/es\/politica-de-privacidad\/\",\"name\":\"Pol\u00edtica de privacidad - Fair Circularity Initiative\",\"isPartOf\":{\"@id\":\"https:\/\/faircircularity.goodbear.co.uk\/#website\"},\"datePublished\":\"2022-11-15T15:13:09+00:00\",\"dateModified\":\"2023-02-17T14:59:58+00:00\",\"breadcrumb\":{\"@id\":\"https:\/\/faircircularity.goodbear.co.uk\/es\/politica-de-privacidad\/#breadcrumb\"},\"inLanguage\":\"es-ES\",\"potentialAction\":[{\"@type\":\"ReadAction\",\"target\":[\"https:\/\/faircircularity.goodbear.co.uk\/es\/politica-de-privacidad\/\"]}]},{\"@type\":\"BreadcrumbList\",\"@id\":\"https:\/\/faircircularity.goodbear.co.uk\/es\/politica-de-privacidad\/#breadcrumb\",\"itemListElement\":[{\"@type\":\"ListItem\",\"position\":1,\"name\":\"Home\",\"item\":\"https:\/\/faircircularity.goodbear.co.uk\/es\/\"},{\"@type\":\"ListItem\",\"position\":2,\"name\":\"Pol\u00edtica de privacidad\"}]},{\"@type\":\"WebSite\",\"@id\":\"https:\/\/faircircularity.goodbear.co.uk\/#website\",\"url\":\"https:\/\/faircircularity.goodbear.co.uk\/\",\"name\":\"Fair Circularity Initiative\",\"description\":\"Respecting Rights in Circular Value Chains\",\"publisher\":{\"@id\":\"https:\/\/faircircularity.goodbear.co.uk\/#organization\"},\"potentialAction\":[{\"@type\":\"SearchAction\",\"target\":{\"@type\":\"EntryPoint\",\"urlTemplate\":\"https:\/\/faircircularity.goodbear.co.uk\/?s={search_term_string}\"},\"query-input\":\"required name=search_term_string\"}],\"inLanguage\":\"es-ES\"},{\"@type\":\"Organization\",\"@id\":\"https:\/\/faircircularity.goodbear.co.uk\/#organization\",\"name\":\"Fair Circularity Initiative\",\"url\":\"https:\/\/faircircularity.goodbear.co.uk\/\",\"logo\":{\"@type\":\"ImageObject\",\"inLanguage\":\"es-ES\",\"@id\":\"https:\/\/faircircularity.goodbear.co.uk\/#\/schema\/logo\/image\/\",\"url\":\"https:\/\/faircircularity.goodbear.co.uk\/app\/uploads\/2022\/11\/logo-en.svg\",\"contentUrl\":\"https:\/\/faircircularity.goodbear.co.uk\/app\/uploads\/2022\/11\/logo-en.svg\",\"width\":1,\"height\":1,\"caption\":\"Fair Circularity Initiative\"},\"image\":{\"@id\":\"https:\/\/faircircularity.goodbear.co.uk\/#\/schema\/logo\/image\/\"}}]}<\/script>\n<!-- \/ Yoast SEO plugin. -->","yoast_head_json":{"title":"Pol\u00edtica de privacidad - Fair Circularity Initiative","robots":{"index":"noindex","follow":"follow","max-snippet":"max-snippet:-1","max-image-preview":"max-image-preview:large","max-video-preview":"max-video-preview:-1"},"og_locale":"es_ES","og_type":"article","og_title":"Pol\u00edtica de privacidad - Fair Circularity Initiative","og_description":"Introducci\u00f3n Las organizaciones miembros de la Iniciativa de Circularidad Justa est\u00e1n tomando medidas a nivel local y global para abordar los impactos sociales en el sector informal de los desechos.&nbsp; Como parte del proceso de convocatoria de la Iniciativa de Circularidad Justa, Tearfund alberga este sitio web. A los efectos de esta pol\u00edtica, &#8220;nosotros&#8221;, &#8220;nos&#8221; [&hellip;]","og_url":"https:\/\/faircircularity.goodbear.co.uk\/es\/politica-de-privacidad\/","og_site_name":"Fair Circularity Initiative","article_modified_time":"2023-02-17T14:59:58+00:00","twitter_card":"summary_large_image","twitter_misc":{"Est. reading time":"10 minutes"},"schema":{"@context":"https:\/\/schema.org","@graph":[{"@type":"WebPage","@id":"https:\/\/faircircularity.goodbear.co.uk\/es\/politica-de-privacidad\/","url":"https:\/\/faircircularity.goodbear.co.uk\/es\/politica-de-privacidad\/","name":"Pol\u00edtica de privacidad - Fair Circularity Initiative","isPartOf":{"@id":"https:\/\/faircircularity.goodbear.co.uk\/#website"},"datePublished":"2022-11-15T15:13:09+00:00","dateModified":"2023-02-17T14:59:58+00:00","breadcrumb":{"@id":"https:\/\/faircircularity.goodbear.co.uk\/es\/politica-de-privacidad\/#breadcrumb"},"inLanguage":"es-ES","potentialAction":[{"@type":"ReadAction","target":["https:\/\/faircircularity.goodbear.co.uk\/es\/politica-de-privacidad\/"]}]},{"@type":"BreadcrumbList","@id":"https:\/\/faircircularity.goodbear.co.uk\/es\/politica-de-privacidad\/#breadcrumb","itemListElement":[{"@type":"ListItem","position":1,"name":"Home","item":"https:\/\/faircircularity.goodbear.co.uk\/es\/"},{"@type":"ListItem","position":2,"name":"Pol\u00edtica de privacidad"}]},{"@type":"WebSite","@id":"https:\/\/faircircularity.goodbear.co.uk\/#website","url":"https:\/\/faircircularity.goodbear.co.uk\/","name":"Fair Circularity Initiative","description":"Respecting Rights in Circular Value Chains","publisher":{"@id":"https:\/\/faircircularity.goodbear.co.uk\/#organization"},"potentialAction":[{"@type":"SearchAction","target":{"@type":"EntryPoint","urlTemplate":"https:\/\/faircircularity.goodbear.co.uk\/?s={search_term_string}"},"query-input":"required name=search_term_string"}],"inLanguage":"es-ES"},{"@type":"Organization","@id":"https:\/\/faircircularity.goodbear.co.uk\/#organization","name":"Fair Circularity Initiative","url":"https:\/\/faircircularity.goodbear.co.uk\/","logo":{"@type":"ImageObject","inLanguage":"es-ES","@id":"https:\/\/faircircularity.goodbear.co.uk\/#\/schema\/logo\/image\/","url":"https:\/\/faircircularity.goodbear.co.uk\/app\/uploads\/2022\/11\/logo-en.svg","contentUrl":"https:\/\/faircircularity.goodbear.co.uk\/app\/uploads\/2022\/11\/logo-en.svg","width":1,"height":1,"caption":"Fair Circularity Initiative"},"image":{"@id":"https:\/\/faircircularity.goodbear.co.uk\/#\/schema\/logo\/image\/"}}]}},"_links":{"self":[{"href":"https:\/\/faircircularity.goodbear.co.uk\/es\/wp-json\/wp\/v2\/pages\/524","targetHints":{"allow":["GET"]}}],"collection":[{"href":"https:\/\/faircircularity.goodbear.co.uk\/es\/wp-json\/wp\/v2\/pages"}],"about":[{"href":"https:\/\/faircircularity.goodbear.co.uk\/es\/wp-json\/wp\/v2\/types\/page"}],"author":[{"embeddable":true,"href":"https:\/\/faircircularity.goodbear.co.uk\/es\/wp-json\/wp\/v2\/users\/3"}],"replies":[{"embeddable":true,"href":"https:\/\/faircircularity.goodbear.co.uk\/es\/wp-json\/wp\/v2\/comments?post=524"}],"version-history":[{"count":11,"href":"https:\/\/faircircularity.goodbear.co.uk\/es\/wp-json\/wp\/v2\/pages\/524\/revisions"}],"predecessor-version":[{"id":1343,"href":"https:\/\/faircircularity.goodbear.co.uk\/es\/wp-json\/wp\/v2\/pages\/524\/revisions\/1343"}],"wp:attachment":[{"href":"https:\/\/faircircularity.goodbear.co.uk\/es\/wp-json\/wp\/v2\/media?parent=524"}],"curies":[{"name":"wp","href":"https:\/\/api.w.org\/{rel}","templated":true}]}}